{"id":740,"date":"2023-08-22T11:01:57","date_gmt":"2023-08-22T11:01:57","guid":{"rendered":"https:\/\/about.globalnet.be\/uw-partner-in-hygieneoplossingen\/"},"modified":"2024-02-29T09:25:42","modified_gmt":"2024-02-29T09:25:42","slug":"uw-partner-in-hygieneoplossingen","status":"publish","type":"page","link":"https:\/\/about.globalnet.be\/nl\/","title":{"rendered":"Uw partner in hygi\u00ebne"},"content":{"rendered":"<p>[et_pb_section fb_built=&#8221;1&#8243; fullwidth=&#8221;on&#8221; admin_label=&#8221;Section&#8221; _builder_version=&#8221;4.22.1&#8243; z_index=&#8221;-1&#8243; global_colors_info=&#8221;{}&#8221;][et_pb_fullwidth_image src=&#8221;https:\/\/about.globalnet.be\/wp-content\/uploads\/2024\/02\/Bannieres-accueil-GN.jpg&#8221; alt=&#8221;Hygi\u00ebneleverancier in Belgi\u00eb&#8221; title_text=&#8221;Banni\u00e8res accueil GN&#8221; _builder_version=&#8221;4.22.1&#8243; min_height_tablet=&#8221;10vw&#8221; min_height_phone=&#8221;10vw&#8221; min_height_last_edited=&#8221;on|phone&#8221; hover_enabled=&#8221;0&#8243; global_colors_info=&#8221;{}&#8221; sticky_enabled=&#8221;0&#8243;][\/et_pb_fullwidth_image][\/et_pb_section][et_pb_section fb_built=&#8221;1&#8243; admin_label=&#8221;Header&#8221; _builder_version=&#8221;4.22.1&#8243; background_enable_color=&#8221;off&#8221; height=&#8221;500px&#8221; custom_margin=&#8221;||-2px||false|false&#8221; custom_padding=&#8221;||0px||false|false&#8221; background_last_edited=&#8221;off|desktop&#8221; use_background_color_gradient_tablet=&#8221;on&#8221; background_color_gradient_stops_tablet=&#8221;#f7f7f7 100%|#ffffff 100%&#8221; background_color_gradient_start_position_tablet=&#8221;100%&#8221; global_colors_info=&#8221;{}&#8221;][et_pb_row custom_padding_last_edited=&#8221;on|desktop&#8221; padding_left_right_link_1=&#8221;false&#8221; admin_label=&#8221;Lijn&#8221; _builder_version=&#8221;4.22.1&#8243; background_color=&#8221;rgba(255,255,255,0.68)&#8221; background_image=&#8221;https:\/\/about.globalnet.be\/wp-content\/uploads\/2023\/08\/green-energy-20.png&#8221; background_size=&#8221;initial&#8221; background_position=&#8221;top_left&#8221; custom_margin=&#8221;-13vw|auto|-3vw|auto|false|false&#8221; custom_padding=&#8221;|20px||20px|false|false&#8221; custom_padding_tablet=&#8221;&#8221; custom_padding_phone=&#8221;|||0px&#8221; global_colors_info=&#8221;{}&#8221;][et_pb_column type=&#8221;4_4&#8243; _builder_version=&#8221;4.22.1&#8243; background_repeat=&#8221;repeat&#8221; custom_padding=&#8221;|20px||&#8221; custom_padding_tablet=&#8221;|0px||&#8221; custom_padding_phone=&#8221;|0px||&#8221; custom_padding_last_edited=&#8221;on|tablet&#8221; global_colors_info=&#8221;{}&#8221; custom_padding__hover=&#8221;|||&#8221;][et_pb_image src=&#8221;https:\/\/about.globalnet.be\/wp-content\/uploads\/2023\/08\/logo-GlobalNet.svg&#8221; alt=&#8221;GlobalNet logo&#8221; title_text=&#8221;GlobalNet logo&#8221; show_bottom_space=&#8221;off&#8221; align=&#8221;center&#8221; show_bottom_space_tablet=&#8221;off&#8221; show_bottom_space_phone=&#8221;off&#8221; show_bottom_space_last_edited=&#8221;on|desktop&#8221; _builder_version=&#8221;4.22.1&#8243; _module_preset=&#8221;default&#8221; width=&#8221;30vw&#8221; width_tablet=&#8221;50vw&#8221; width_phone=&#8221;40vw&#8221; width_last_edited=&#8221;on|phone&#8221; max_width=&#8221;40vw&#8221; module_alignment=&#8221;center&#8221; min_height_tablet=&#8221;&#8221; min_height_phone=&#8221;1vw&#8221; min_height_last_edited=&#8221;on|desktop&#8221; height=&#8221;10vw&#8221; global_colors_info=&#8221;{}&#8221;][\/et_pb_image][et_pb_text _builder_version=&#8221;4.22.1&#8243; text_font=&#8221;||||||||&#8221; text_font_size=&#8221;20px&#8221; text_line_height=&#8221;1.8em&#8221; header_font=&#8221;Bitter||||||||&#8221; header_text_align=&#8221;center&#8221; header_font_size=&#8221;60px&#8221; header_line_height=&#8221;1.3em&#8221; header_2_font_size=&#8221;20px&#8221; header_2_line_height=&#8221;1.7em&#8221; text_orientation=&#8221;center&#8221; custom_margin=&#8221;||60px&#8221; text_font_size_tablet=&#8221;&#8221; text_font_size_phone=&#8221;14px&#8221; text_font_size_last_edited=&#8221;on|desktop&#8221; header_font_size_tablet=&#8221;50px&#8221; header_font_size_phone=&#8221;30px&#8221; header_font_size_last_edited=&#8221;on|phone&#8221; global_colors_info=&#8221;{}&#8221;]<\/p>\n<h1><span style=\"color: #78be20;\">Uw partner<\/span> in Walloni\u00eb,<br \/>en Brussel en Luxemburg<\/h1>\n<h2 style=\"text-align: center;\"><span style=\"color: #00205b;\">Hygi\u00ebne, veiligheid, onderhoud en disposable Dankzij zijn ervaring in deze sector ondersteunt Global Net u bij het implementeren van uw duurzaamheidsbeleid in uw bedrijf als multi-brand verdeler die topprestaties en innovatie combineert.<\/span><\/h2>\n<p>[\/et_pb_text][\/et_pb_column][\/et_pb_row][\/et_pb_section][et_pb_section fb_built=&#8221;1&#8243; _builder_version=&#8221;4.22.1&#8243; _module_preset=&#8221;default&#8221; custom_margin=&#8221;-1px|||||&#8221; custom_padding=&#8221;0px||0px|||&#8221; global_colors_info=&#8221;{}&#8221;][et_pb_row column_structure=&#8221;1_2,1_2&#8243; _builder_version=&#8221;4.22.1&#8243; _module_preset=&#8221;default&#8221; custom_margin=&#8221;-10vw|auto|5vw|auto|false|false&#8221; custom_margin_tablet=&#8221;20vw|auto|7vw|auto|false|false&#8221; custom_margin_phone=&#8221;-10vw|auto|5vw|auto|false|false&#8221; custom_margin_last_edited=&#8221;on|phone&#8221; custom_padding=&#8221;0vw|10vw|0vw|10vw|false|false&#8221; global_colors_info=&#8221;{}&#8221;][et_pb_column type=&#8221;1_2&#8243; admin_label=&#8221;Kolom&#8221; _builder_version=&#8221;4.22.1&#8243; _module_preset=&#8221;default&#8221; global_colors_info=&#8221;{}&#8221;][et_pb_button button_url=&#8221;https:\/\/www.globalnet.be\/fr\/catalogue\/global-net&#8221; url_new_window=&#8221;on&#8221; button_text=&#8221;CATALOGUE&#8221; button_alignment=&#8221;center&#8221; _builder_version=&#8221;4.22.1&#8243; _module_preset=&#8221;default&#8221; custom_button=&#8221;on&#8221; button_text_size=&#8221;14px&#8221; button_text_color=&#8221;#FFFFFF&#8221; button_bg_color=&#8221;#78be20&#8243; button_border_width=&#8221;0px&#8221; button_border_color=&#8221;rgba(0,0,0,0)&#8221; button_border_radius=&#8221;100px&#8221; button_letter_spacing=&#8221;2px&#8221; button_font=&#8221;Raleway|700||on|||||&#8221; button_icon=&#8221;&#x69;||divi||400&#8243; background_layout=&#8221;dark&#8221; custom_padding=&#8221;15px|40px|15px|40px|true|true&#8221; custom_padding_tablet=&#8221;||||true|true&#8221; custom_padding_phone=&#8221;||||true|true&#8221; custom_padding_last_edited=&#8221;on|tablet&#8221; global_colors_info=&#8221;{}&#8221;][\/et_pb_button][\/et_pb_column][et_pb_column type=&#8221;1_2&#8243; _builder_version=&#8221;4.22.1&#8243; _module_preset=&#8221;default&#8221; global_colors_info=&#8221;{}&#8221;][et_pb_button button_url=&#8221;https:\/\/about.globalnet.be\/nl\/neem-contact\/&#8221; button_text=&#8221;Neem contact&#8221; button_alignment=&#8221;center&#8221; admin_label=&#8221;Bouton&#8221; _builder_version=&#8221;4.22.1&#8243; custom_button=&#8221;on&#8221; button_text_size=&#8221;12px&#8221; button_text_color=&#8221;#ffffff&#8221; button_bg_color=&#8221;#00205b&#8221; button_border_width=&#8221;15px&#8221; button_border_color=&#8221;rgba(0,0,0,0)&#8221; button_border_radius=&#8221;100px&#8221; button_letter_spacing=&#8221;2px&#8221; button_font=&#8221;Raleway|700||on|||||&#8221; button_icon=&#8221;&#xf2b9;||fa||400&#8243; custom_padding=&#8221;||||true|true&#8221; global_colors_info=&#8221;{}&#8221;][\/et_pb_button][\/et_pb_column][\/et_pb_row][\/et_pb_section][et_pb_section fb_built=&#8221;1&#8243; _builder_version=&#8221;4.22.1&#8243; _module_preset=&#8221;default&#8221; background_color=&#8221;#FFFFFF&#8221; background_image=&#8221;https:\/\/about.globalnet.be\/wp-content\/uploads\/2023\/08\/PICTO-SVG-BAS-DE-PAGE-copie.svg&#8221; background_size=&#8221;custom&#8221; background_image_width=&#8221;100%&#8221; background_image_height=&#8221;0%&#8221; background_position=&#8221;top_center&#8221; background_vertical_offset=&#8221;60%&#8221; module_alignment=&#8221;center&#8221; custom_margin=&#8221;30px||||false|false&#8221; custom_margin_tablet=&#8221;0vw||||false|false&#8221; custom_margin_phone=&#8221;0vw||||false|false&#8221; custom_margin_last_edited=&#8221;on|phone&#8221; custom_padding=&#8221;0vw||0vw||true|false&#8221; top_divider_height_tablet=&#8221;0vw&#8221; top_divider_height_phone=&#8221;0vw&#8221; top_divider_height_last_edited=&#8221;on|desktop&#8221; global_colors_info=&#8221;{}&#8221;][et_pb_row _builder_version=&#8221;4.22.1&#8243; _module_preset=&#8221;default&#8221; global_colors_info=&#8221;{}&#8221;][et_pb_column type=&#8221;4_4&#8243; _builder_version=&#8221;4.22.1&#8243; _module_preset=&#8221;default&#8221; global_colors_info=&#8221;{}&#8221;][et_pb_divider show_divider=&#8221;off&#8221; _builder_version=&#8221;4.22.1&#8243; _module_preset=&#8221;default&#8221; global_colors_info=&#8221;{}&#8221;][\/et_pb_divider][\/et_pb_column][\/et_pb_row][\/et_pb_section]<\/p>\n","protected":false},"excerpt":{"rendered":"<p>Uw partner in Walloni\u00eb,en Brussel en Luxemburg Hygi\u00ebne, veiligheid, onderhoud en disposable Dankzij zijn ervaring in deze sector ondersteunt Global Net u bij het implementeren van uw duurzaamheidsbeleid in uw bedrijf als multi-brand verdeler die topprestaties en innovatie combineert.<\/p>\n","protected":false},"author":1,"featured_media":0,"parent":0,"menu_order":0,"comment_status":"closed","ping_status":"closed","template":"","meta":{"_et_pb_use_builder":"on","_et_pb_old_content":"","_et_gb_content_width":"","content-type":"","footnotes":""},"difl_page_category":[],"class_list":["post-740","page","type-page","status-publish","hentry"],"jetpack_sharing_enabled":true,"_links":{"self":[{"href":"https:\/\/about.globalnet.be\/nl\/wp-json\/wp\/v2\/pages\/740","targetHints":{"allow":["GET"]}}],"collection":[{"href":"https:\/\/about.globalnet.be\/nl\/wp-json\/wp\/v2\/pages"}],"about":[{"href":"https:\/\/about.globalnet.be\/nl\/wp-json\/wp\/v2\/types\/page"}],"author":[{"embeddable":true,"href":"https:\/\/about.globalnet.be\/nl\/wp-json\/wp\/v2\/users\/1"}],"replies":[{"embeddable":true,"href":"https:\/\/about.globalnet.be\/nl\/wp-json\/wp\/v2\/comments?post=740"}],"version-history":[{"count":54,"href":"https:\/\/about.globalnet.be\/nl\/wp-json\/wp\/v2\/pages\/740\/revisions"}],"predecessor-version":[{"id":3364,"href":"https:\/\/about.globalnet.be\/nl\/wp-json\/wp\/v2\/pages\/740\/revisions\/3364"}],"wp:attachment":[{"href":"https:\/\/about.globalnet.be\/nl\/wp-json\/wp\/v2\/media?parent=740"}],"wp:term":[{"taxonomy":"difl_page_category","embeddable":true,"href":"https:\/\/about.globalnet.be\/nl\/wp-json\/wp\/v2\/difl_page_category?post=740"}],"curies":[{"name":"wp","href":"https:\/\/api.w.org\/{rel}","templated":true}]}}